{"id":2055,"date":"2025-05-03T20:04:16","date_gmt":"2025-05-03T23:04:16","guid":{"rendered":"https:\/\/edgartoursnyc.com\/?post_type=product&#038;p=2055"},"modified":"2025-12-01T04:44:18","modified_gmt":"2025-12-01T07:44:18","slug":"tour-contrastes-vip-personalizado","status":"publish","type":"product","link":"https:\/\/edgartoursnyc.com\/index.php\/product\/tour-contrastes-vip-personalizado\/","title":{"rendered":"Tour Contrastes VIP Personalizado"},"content":{"rendered":"<p>Iniciamos el d\u00eda busc\u00e1ndolos por su hotel, si est\u00e1n alojados en Manhattan.<br \/>\nEste tour dura aproximadamente <strong>5 horas<\/strong> , 1 1\/2 hora m\u00e1s que los tours comunes de agencias.<br \/>\n<strong>Incluye desayuno<\/strong> (caf\u00e9, te, mate , galletas , frutas, donas) y bebidas fr\u00edas.<\/p>\n<p><strong>Upper West Side &amp; Harlem:<\/strong><\/p>\n<ul>\n<li>Comenzamos la excursi\u00f3n pasando por el Portaviones INTREPID hoy en d\u00eda es el Museo del Aire, agua y espacio. A nuestro paso bordearemos el Rio Hudson direcci\u00f3n norte de donde tambi\u00e9n divisaremos la Majestuosidad del Puente George Washington.<\/li>\n<\/ul>\n<p>&nbsp;<\/p>\n<p><strong>En Harlem visitamos:<\/strong><\/p>\n<ul>\n<li>COTTON CLUB<\/li>\n<li>TEATRO APOLLO, cuna de grandes estrellas como Michael Jackson, Louis Armstrong, Celia Cruz y muchos m\u00e1s.<\/li>\n<li>MALCOLM X BOULEVARD donde podremos ver las Brown Stone Houses, parte de la comunidad afroamericana y las famosas canchas de B\u00e1squetbol (Harlem Trotamundos).<\/li>\n<li>Calle residencial t\u00edpica de las peliculas<\/li>\n<li>Zona de grafitis.<\/li>\n<\/ul>\n<p><strong>Bronx:<\/strong><\/p>\n<ul>\n<li>El Estadio de los Yankees.<\/li>\n<li>Comisaria Forth Apache.<\/li>\n<li>Cortes de Familia, Civil y Criminal.<\/li>\n<li>Escalinatas donde el actor Joaqu\u00edn Phoenix realizo el baile Anti-hero de la pel\u00edcula El JOKER.<\/li>\n<li>Avenida Grand Concourse y la avenida Westchester.<\/li>\n<li>Zona De Grafitis o Murales, entre ellos el Grafiti de Big Pun, \u201cI Love The BRONX\u201d<\/li>\n<\/ul>\n<p><strong>Queens:<\/strong><\/p>\n<ul>\n<li>El Puente Colgante de Whitestone.<\/li>\n<li>El barrio residencial Malba, donde veremos Las Mansiones de Queens.<\/li>\n<li>PARQUE FLUSHING MEADOW.<\/li>\n<li>Estadios del US OPEN y de los Mets.<\/li>\n<li>Museo de Queens.<\/li>\n<li>Globo Terr\u00e1queo (s\u00edmbolo de la segunda Expo realizada en Nueva York en el a\u00f1o 1964).<\/li>\n<\/ul>\n<p><strong>Brooklyn:<\/strong><\/p>\n<ul>\n<li>Barrio de Williamsburg: La concentraci\u00f3n m\u00e1s grande de la comunidad Hasidica Jud\u00eda en los USA.<\/li>\n<li>Barrio D-U-M-B-O donde se encuentra el MIRADOR de los Puentes Brooklyn y Manhattan para hacer<br \/>\nfotograf\u00edas.<\/li>\n<\/ul>\n<p><strong>Manhattan<\/strong><\/p>\n<ul>\n<li>Barrio Chino.<\/li>\n<li>Peque\u00f1a Italia.<\/li>\n<\/ul>\n<p>\u00a1CONSULTE POR PROMOCIONES!<\/p>\n","protected":false},"excerpt":{"rendered":"<p>Contrastes de New York servicio VIP personalizado.<\/p>\n<p><a href=\"https:\/\/edgartoursnyc.com\/index.php\/reservas\/\"><button class=\"uagb-buttons-repeater wp-block-button__link\" style=\"border-radius: 30px;\">RESERVAR<\/button><\/a><\/p>\n","protected":false},"featured_media":1990,"comment_status":"open","ping_status":"closed","template":"","meta":{"om_disable_all_campaigns":false,"_uag_custom_page_level_css":"","_monsterinsights_skip_tracking":false,"_monsterinsights_sitenote_active":false,"_monsterinsights_sitenote_note":"","_monsterinsights_sitenote_category":0,"site-sidebar-layout":"default","site-content-layout":"","ast-site-content-layout":"default","site-content-style":"default","site-sidebar-style":"default","ast-global-header-display":"","ast-banner-title-visibility":"","ast-main-header-display":"","ast-hfb-above-header-display":"","ast-hfb-below-header-display":"","ast-hfb-mobile-header-display":"","site-post-title":"","ast-breadcrumbs-content":"","ast-featured-img":"","footer-sml-layout":"","theme-transparent-header-meta":"default","adv-header-id-meta":"","stick-header-meta":"","header-above-stick-meta":"","header-main-stick-meta":"","header-below-stick-meta":"","astra-migrate-meta-layouts":"set"},"product_cat":[18],"product_tag":[],"aioseo_notices":[],"uagb_featured_image_src":{"full":["https:\/\/edgartoursnyc.com\/wp-content\/uploads\/2023\/09\/20221205_134249-scaled.jpg",1196,2560,false],"thumbnail":["https:\/\/edgartoursnyc.com\/wp-content\/uploads\/2023\/09\/20221205_134249-150x150.jpg",150,150,true],"medium":["https:\/\/edgartoursnyc.com\/wp-content\/uploads\/2023\/09\/20221205_134249-140x300.jpg",140,300,true],"medium_large":["https:\/\/edgartoursnyc.com\/wp-content\/uploads\/2023\/09\/20221205_134249-768x1645.jpg",768,1645,true],"large":["https:\/\/edgartoursnyc.com\/wp-content\/uploads\/2023\/09\/20221205_134249-478x1024.jpg",478,1024,true],"1536x1536":["https:\/\/edgartoursnyc.com\/wp-content\/uploads\/2023\/09\/20221205_134249-717x1536.jpg",717,1536,true],"2048x2048":["https:\/\/edgartoursnyc.com\/wp-content\/uploads\/2023\/09\/20221205_134249-956x2048.jpg",956,2048,true],"mailpoet_newsletter_max":["https:\/\/edgartoursnyc.com\/wp-content\/uploads\/2023\/09\/20221205_134249-1320x2827.jpg",1320,2827,true],"woocommerce_thumbnail":["https:\/\/edgartoursnyc.com\/wp-content\/uploads\/2023\/09\/20221205_134249-300x457.jpg",300,457,true],"woocommerce_single":["https:\/\/edgartoursnyc.com\/wp-content\/uploads\/2023\/09\/20221205_134249-600x1285.jpg",600,1285,true],"woocommerce_gallery_thumbnail":["https:\/\/edgartoursnyc.com\/wp-content\/uploads\/2023\/09\/20221205_134249-100x100.jpg",100,100,true]},"uagb_author_info":{"display_name":"edgartoursnyc.com","author_link":"https:\/\/edgartoursnyc.com\/index.php\/author\/"},"uagb_comment_info":1,"uagb_excerpt":"Contrastes de New York servicio VIP personalizado. RESERVAR","_links":{"self":[{"href":"https:\/\/edgartoursnyc.com\/index.php\/wp-json\/wp\/v2\/product\/2055"}],"collection":[{"href":"https:\/\/edgartoursnyc.com\/index.php\/wp-json\/wp\/v2\/product"}],"about":[{"href":"https:\/\/edgartoursnyc.com\/index.php\/wp-json\/wp\/v2\/types\/product"}],"replies":[{"embeddable":true,"href":"https:\/\/edgartoursnyc.com\/index.php\/wp-json\/wp\/v2\/comments?post=2055"}],"wp:featuredmedia":[{"embeddable":true,"href":"https:\/\/edgartoursnyc.com\/index.php\/wp-json\/wp\/v2\/media\/1990"}],"wp:attachment":[{"href":"https:\/\/edgartoursnyc.com\/index.php\/wp-json\/wp\/v2\/media?parent=2055"}],"wp:term":[{"taxonomy":"product_cat","embeddable":true,"href":"https:\/\/edgartoursnyc.com\/index.php\/wp-json\/wp\/v2\/product_cat?post=2055"},{"taxonomy":"product_tag","embeddable":true,"href":"https:\/\/edgartoursnyc.com\/index.php\/wp-json\/wp\/v2\/product_tag?post=2055"}],"curies":[{"name":"wp","href":"https:\/\/api.w.org\/{rel}","templated":true}]}}