{"id":1959,"date":"2023-09-25T21:56:40","date_gmt":"2023-09-26T00:56:40","guid":{"rendered":"https:\/\/edgartoursnyc.com\/?post_type=product&#038;p=1959"},"modified":"2023-09-26T02:33:11","modified_gmt":"2023-09-26T05:33:11","slug":"boston","status":"publish","type":"product","link":"https:\/\/edgartoursnyc.com\/index.php\/product\/boston\/","title":{"rendered":"Boston"},"content":{"rendered":"<p>Ciudad fundada en 1630, cuna de la historia de Estados Unidos, capital del estado de Massachusetts y sede de las m\u00e1s prestigiosas universidades del mundo, Harvard y MIT. Saliendo temprano desde Nueva York, partimos hacia Boston a primera hora para dirigirnos hacia el norte atravesando los hermosos paisajes de la Costa Este, los estados de Connecticut, Rhode Island y Massachusetts.<\/p>\n<p>Llegaremos a Boston para almorzar en la zona de Quincy Market y dar inicio a nuestra visita panor\u00e1mica de Boston en espa\u00f1ol. Cercana a esa zona se encontraba el antiguo muelle de Griffin, escenario en 1773 del Mot\u00edn del T\u00e9 o \u00abBoston Tea Party\u00bb, antecedente de la Revoluci\u00f3n Americana. Comenzaremos la visita de Boston por Faneuil Hall, tambi\u00e9n llamada Cuna de la Libertad y la Antigua Casa del Estado, antigua sede del Gobierno brit\u00e1nico a cuyas puertas de produjo en 1770 el Boston Massacre (el Masacre de Boston).<\/p>\n<p>Visitaremos tambi\u00e9n las elegantes calles del barrio de Beacon Hill, con sus casas victorianas y la zona de Back Bay con su interesante contraste entre lo hist\u00f3rico y moderno. Disfrutaremos de la variada arquitectura en Copley Square y pasaremos por la Iglesia de la Trinidad y la torre John Hancock Tower, el edificio m\u00e1s alto de toda Nueva Inglaterra. Otros puntos de nuestra visita de Boston son la Biblioteca, con la mayor colecci\u00f3n de obras literarias hispano-americanas, el Museo de Bellas Artes, la calle Newbury, con sus estilosas tiendas, caf\u00e9s y hoteles de lujo, la Iglesia del Cristo Cient\u00edfico, con su \u00f3rgano manual de \u2026 \u00a113.000 tubos! y Fenway Park, escenario de los terribles hechos del conocido Boston Strangler (\u00abestrangulador de Boston\u201d).<\/p>\n<p>Continuaremos despu\u00e9s hacia el North End o Peque\u00f1a Italia de Boston para seguir hasta Charlestown, lugar de la decisiva batalla de Bunker Hill en 1775. Cruzando el rio Charles llegaremos por fin al Campus de las universidades de M.I.T (Massachusetts Institute of Technology) y Harvard, donde podremos pasear, ver la famosa estatua \u201cde las tres mentiras\u201d y seguir los pasos de los famosos Presidentes y premios Nobel que acogi\u00f3 esta universidad. Finalizada esta complet\u00edsima visita regresaremos a Nueva York, donde llegaremos\u00a0de\u00a0noche.<\/p>\n","protected":false},"excerpt":{"rendered":"<p>Ciudad fundada en 1630, cuna de la historia de Estados Unidos, capital del estado de Massachusetts y sede de las m\u00e1s prestigiosas universidades del mundo.<\/p>\n<p><a href=\"https:\/\/edgartoursnyc.com\/index.php\/reservas\/\"><button class=\"uagb-buttons-repeater wp-block-button__link\" style=\"border-radius: 30px;\">RESERVAR<\/button><\/a><\/p>\n","protected":false},"featured_media":2029,"comment_status":"open","ping_status":"closed","template":"","meta":{"om_disable_all_campaigns":false,"_uag_custom_page_level_css":"","_monsterinsights_skip_tracking":false,"_monsterinsights_sitenote_active":false,"_monsterinsights_sitenote_note":"","_monsterinsights_sitenote_category":0,"site-sidebar-layout":"default","site-content-layout":"","ast-site-content-layout":"default","site-content-style":"default","site-sidebar-style":"default","ast-global-header-display":"","ast-banner-title-visibility":"","ast-main-header-display":"","ast-hfb-above-header-display":"","ast-hfb-below-header-display":"","ast-hfb-mobile-header-display":"","site-post-title":"","ast-breadcrumbs-content":"","ast-featured-img":"","footer-sml-layout":"","theme-transparent-header-meta":"default","adv-header-id-meta":"","stick-header-meta":"","header-above-stick-meta":"","header-main-stick-meta":"","header-below-stick-meta":"","astra-migrate-meta-layouts":"set"},"product_cat":[18],"product_tag":[],"aioseo_notices":[],"uagb_featured_image_src":{"full":["https:\/\/edgartoursnyc.com\/wp-content\/uploads\/2023\/09\/20221129_123204-scaled.jpg",1196,2560,false],"thumbnail":["https:\/\/edgartoursnyc.com\/wp-content\/uploads\/2023\/09\/20221129_123204-150x150.jpg",150,150,true],"medium":["https:\/\/edgartoursnyc.com\/wp-content\/uploads\/2023\/09\/20221129_123204-140x300.jpg",140,300,true],"medium_large":["https:\/\/edgartoursnyc.com\/wp-content\/uploads\/2023\/09\/20221129_123204-768x1645.jpg",768,1645,true],"large":["https:\/\/edgartoursnyc.com\/wp-content\/uploads\/2023\/09\/20221129_123204-478x1024.jpg",478,1024,true],"1536x1536":["https:\/\/edgartoursnyc.com\/wp-content\/uploads\/2023\/09\/20221129_123204-717x1536.jpg",717,1536,true],"2048x2048":["https:\/\/edgartoursnyc.com\/wp-content\/uploads\/2023\/09\/20221129_123204-956x2048.jpg",956,2048,true],"mailpoet_newsletter_max":["https:\/\/edgartoursnyc.com\/wp-content\/uploads\/2023\/09\/20221129_123204-1320x2827.jpg",1320,2827,true],"woocommerce_thumbnail":["https:\/\/edgartoursnyc.com\/wp-content\/uploads\/2023\/09\/20221129_123204-300x457.jpg",300,457,true],"woocommerce_single":["https:\/\/edgartoursnyc.com\/wp-content\/uploads\/2023\/09\/20221129_123204-600x1285.jpg",600,1285,true],"woocommerce_gallery_thumbnail":["https:\/\/edgartoursnyc.com\/wp-content\/uploads\/2023\/09\/20221129_123204-100x100.jpg",100,100,true]},"uagb_author_info":{"display_name":"edgartoursnyc.com","author_link":"https:\/\/edgartoursnyc.com\/index.php\/author\/"},"uagb_comment_info":1,"uagb_excerpt":"Ciudad fundada en 1630, cuna de la historia de Estados Unidos, capital del estado de Massachusetts y sede de las m\u00e1s prestigiosas universidades del mundo. RESERVAR","_links":{"self":[{"href":"https:\/\/edgartoursnyc.com\/index.php\/wp-json\/wp\/v2\/product\/1959"}],"collection":[{"href":"https:\/\/edgartoursnyc.com\/index.php\/wp-json\/wp\/v2\/product"}],"about":[{"href":"https:\/\/edgartoursnyc.com\/index.php\/wp-json\/wp\/v2\/types\/product"}],"replies":[{"embeddable":true,"href":"https:\/\/edgartoursnyc.com\/index.php\/wp-json\/wp\/v2\/comments?post=1959"}],"wp:featuredmedia":[{"embeddable":true,"href":"https:\/\/edgartoursnyc.com\/index.php\/wp-json\/wp\/v2\/media\/2029"}],"wp:attachment":[{"href":"https:\/\/edgartoursnyc.com\/index.php\/wp-json\/wp\/v2\/media?parent=1959"}],"wp:term":[{"taxonomy":"product_cat","embeddable":true,"href":"https:\/\/edgartoursnyc.com\/index.php\/wp-json\/wp\/v2\/product_cat?post=1959"},{"taxonomy":"product_tag","embeddable":true,"href":"https:\/\/edgartoursnyc.com\/index.php\/wp-json\/wp\/v2\/product_tag?post=1959"}],"curies":[{"name":"wp","href":"https:\/\/api.w.org\/{rel}","templated":true}]}}