{"id":1881,"date":"2023-09-13T16:34:03","date_gmt":"2023-09-13T19:34:03","guid":{"rendered":"https:\/\/edgartoursnyc.com\/?post_type=product&#038;p=1881"},"modified":"2026-01-15T09:32:43","modified_gmt":"2026-01-15T12:32:43","slug":"conoce-5-estados-en-un-dia","status":"publish","type":"product","link":"https:\/\/edgartoursnyc.com\/index.php\/product\/conoce-5-estados-en-un-dia\/","title":{"rendered":"Megaexcursi\u00f3n a Washington DC (Washington DC, Filadelfia y m\u00e1s)"},"content":{"rendered":"<p><span style=\"font-size: 16px; -webkit-text-size-adjust: 100%;\">Es una excursi\u00f3n de aproximadamente <strong>17 hrs<\/strong> de <strong>7am a 11:30pm<\/strong> aproximadamente incluye snacks , caf\u00e9 , t\u00e9 , croissants, donas , galletas, sodas, agua, sandwichs,fruta etc)<\/span><\/p>\n<p><strong>Se los busca y regresa a su lugar de alojamiento si est\u00e1n alojados en Manhattan.<\/strong><\/p>\n<p>Excursiones personalizadas pocas personas , para una mejor experiencia y comodidad.<\/p>\n<p><strong>Filadelfia:<\/strong><\/p>\n<ul>\n<li>Plaza de la Independencia<\/li>\n<li>Museo de la Campana de la Libertad<\/li>\n<li>Callej\u00f3n m\u00e1s antiguo de Estados Unidos<\/li>\n<li>Plaza del Amor<\/li>\n<li>Centro de Filadelfia<\/li>\n<li>Museo del Arte (Escalinatas y Estatua de Rocky Balboa)<\/li>\n<\/ul>\n<p><strong>Maryland:<\/strong><\/p>\n<ul>\n<li>Visita al puerto de Baltimore<\/li>\n<\/ul>\n<p><strong>Washington DC:<\/strong><\/p>\n<ul>\n<li>Congreso<\/li>\n<li>Corte Suprema<\/li>\n<li>Casa Blanca<\/li>\n<li>Monumentos a G. Washington, A. Lincoln y T. Jeferson<\/li>\n<li>Memorial de la 2da Guerra Mundial , Guerra de Vietnam y de Corea<\/li>\n<li>Centro de Washington DC ( Avenida Pennsylvania: Edificio del FBI , diferentes Edificios Gubernamentales, etc)<\/li>\n<li>Museos a elecci\u00f3n<\/li>\n<\/ul>\n<p><strong>Virginia:<\/strong><\/p>\n<ul>\n<li>Vistas al cementerio de Arlington<\/li>\n<li>Visita al Monumento Iwo Jima<\/li>\n<li>Vistas del Pentagono<\/li>\n<\/ul>\n<p><strong>New Jersey:<\/strong><\/p>\n<ul>\n<li>Parada matinal y nocturna para vistas de New York City desde Miradores panor\u00e1micos.<\/li>\n<\/ul>\n","protected":false},"excerpt":{"rendered":"<p>\u00a1Conoc\u00e9 5 estados en un d\u00eda! Megaexcursi\u00f3n a Washington DC, Filadelfia, Maryland, Virginia &amp; New Jersey.<\/p>\n<p><a href=\"https:\/\/edgartoursnyc.com\/index.php\/reservas\/\"><button class=\"uagb-buttons-repeater wp-block-button__link\" style=\"border-radius: 30px;\">RESERVAR<\/button><\/a><\/p>\n","protected":false},"featured_media":2028,"comment_status":"open","ping_status":"closed","template":"","meta":{"om_disable_all_campaigns":false,"_uag_custom_page_level_css":"","_monsterinsights_skip_tracking":false,"_monsterinsights_sitenote_active":false,"_monsterinsights_sitenote_note":"","_monsterinsights_sitenote_category":0,"site-sidebar-layout":"default","site-content-layout":"","ast-site-content-layout":"default","site-content-style":"default","site-sidebar-style":"default","ast-global-header-display":"","ast-banner-title-visibility":"","ast-main-header-display":"","ast-hfb-above-header-display":"","ast-hfb-below-header-display":"","ast-hfb-mobile-header-display":"","site-post-title":"","ast-breadcrumbs-content":"","ast-featured-img":"","footer-sml-layout":"","theme-transparent-header-meta":"default","adv-header-id-meta":"","stick-header-meta":"","header-above-stick-meta":"","header-main-stick-meta":"","header-below-stick-meta":"","astra-migrate-meta-layouts":"set"},"product_cat":[27],"product_tag":[],"aioseo_notices":[],"uagb_featured_image_src":{"full":["https:\/\/edgartoursnyc.com\/wp-content\/uploads\/2023\/09\/20230829_175814-scaled.jpg",2560,1196,false],"thumbnail":["https:\/\/edgartoursnyc.com\/wp-content\/uploads\/2023\/09\/20230829_175814-150x150.jpg",150,150,true],"medium":["https:\/\/edgartoursnyc.com\/wp-content\/uploads\/2023\/09\/20230829_175814-300x140.jpg",300,140,true],"medium_large":["https:\/\/edgartoursnyc.com\/wp-content\/uploads\/2023\/09\/20230829_175814-768x359.jpg",768,359,true],"large":["https:\/\/edgartoursnyc.com\/wp-content\/uploads\/2023\/09\/20230829_175814-1024x478.jpg",1024,478,true],"1536x1536":["https:\/\/edgartoursnyc.com\/wp-content\/uploads\/2023\/09\/20230829_175814-1536x717.jpg",1536,717,true],"2048x2048":["https:\/\/edgartoursnyc.com\/wp-content\/uploads\/2023\/09\/20230829_175814-2048x956.jpg",2048,956,true],"mailpoet_newsletter_max":["https:\/\/edgartoursnyc.com\/wp-content\/uploads\/2023\/09\/20230829_175814-1320x616.jpg",1320,616,true],"woocommerce_thumbnail":["https:\/\/edgartoursnyc.com\/wp-content\/uploads\/2023\/09\/20230829_175814-300x457.jpg",300,457,true],"woocommerce_single":["https:\/\/edgartoursnyc.com\/wp-content\/uploads\/2023\/09\/20230829_175814-600x280.jpg",600,280,true],"woocommerce_gallery_thumbnail":["https:\/\/edgartoursnyc.com\/wp-content\/uploads\/2023\/09\/20230829_175814-100x100.jpg",100,100,true]},"uagb_author_info":{"display_name":"edgartoursnyc.com","author_link":"https:\/\/edgartoursnyc.com\/index.php\/author\/"},"uagb_comment_info":15,"uagb_excerpt":"\u00a1Conoc\u00e9 5 estados en un d\u00eda! Megaexcursi\u00f3n a Washington DC, Filadelfia, Maryland, Virginia &amp; New Jersey. RESERVAR","_links":{"self":[{"href":"https:\/\/edgartoursnyc.com\/index.php\/wp-json\/wp\/v2\/product\/1881"}],"collection":[{"href":"https:\/\/edgartoursnyc.com\/index.php\/wp-json\/wp\/v2\/product"}],"about":[{"href":"https:\/\/edgartoursnyc.com\/index.php\/wp-json\/wp\/v2\/types\/product"}],"replies":[{"embeddable":true,"href":"https:\/\/edgartoursnyc.com\/index.php\/wp-json\/wp\/v2\/comments?post=1881"}],"wp:featuredmedia":[{"embeddable":true,"href":"https:\/\/edgartoursnyc.com\/index.php\/wp-json\/wp\/v2\/media\/2028"}],"wp:attachment":[{"href":"https:\/\/edgartoursnyc.com\/index.php\/wp-json\/wp\/v2\/media?parent=1881"}],"wp:term":[{"taxonomy":"product_cat","embeddable":true,"href":"https:\/\/edgartoursnyc.com\/index.php\/wp-json\/wp\/v2\/product_cat?post=1881"},{"taxonomy":"product_tag","embeddable":true,"href":"https:\/\/edgartoursnyc.com\/index.php\/wp-json\/wp\/v2\/product_tag?post=1881"}],"curies":[{"name":"wp","href":"https:\/\/api.w.org\/{rel}","templated":true}]}}