{"id":1113,"date":"2022-04-29T04:27:23","date_gmt":"2022-04-29T07:27:23","guid":{"rendered":"https:\/\/edgartoursnyc.com\/index.php\/home\/"},"modified":"2025-05-03T22:07:03","modified_gmt":"2025-05-04T01:07:03","slug":"inicio","status":"publish","type":"page","link":"https:\/\/edgartoursnyc.com\/","title":{"rendered":"New York TE AMA"},"content":{"rendered":"\n<header class=\"wp-block-uagb-container uagb-block-b9b9f3ba alignfull uagb-is-root-container\"><div class=\"uagb-container__video-wrap\"><video autoplay loop muted playsinline><source src=\"http:\/\/edgartoursnyc.com\/wp-content\/uploads\/2025\/05\/video-ny-edgar.mov\" type=\"video\/mp4\"\/><\/video><\/div><div class=\"uagb-container-inner-blocks-wrap\">\n<div class=\"wp-block-uagb-container uagb-block-a9ab6ca1\">\n<div class=\"wp-block-uagb-advanced-heading uagb-block-1888403a\"><h6 class=\"uagb-heading-text\">EDGAR SILVA TOURS<\/h6><\/div>\n\n\n\n<div class=\"wp-block-uagb-advanced-heading uagb-block-bdaa615f\"><h1 class=\"uagb-heading-text\"><strong>NEW YORK<\/strong><\/h1><\/div>\n\n\n\n<div class=\"wp-block-uagb-advanced-heading uagb-block-187a3209\"><h1 class=\"uagb-heading-text\">TE AMA<\/h1><\/div>\n\n\n\n<div class=\"wp-block-uagb-buttons uagb-buttons__outer-wrap uagb-btn__default-btn uagb-btn-tablet__default-btn uagb-btn-mobile__default-btn uagb-block-51f01841\"><div class=\"uagb-buttons__wrap uagb-buttons-layout-wrap\">\n<div class=\"wp-block-uagb-buttons-child uagb-buttons__outer-wrap uagb-block-e56f7529 wp-block-button\"><div class=\"uagb-button__wrapper\"><a class=\"uagb-buttons-repeater wp-block-button__link\" href=\"index.php\/excursiones\/\" onclick=\"return true;\" rel=\"follow noopener\" target=\"_self\"><div class=\"uagb-button__link\">\u00a1RESERV\u00c1 TU VIAJE AHORA!<\/div><\/a><\/div><\/div>\n<\/div><\/div>\n<\/div>\n<\/div><\/header>\n\n\n\n<div class=\"wp-block-uagb-container uagb-block-6d1a2410 alignfull uagb-is-root-container\"><div class=\"uagb-container-inner-blocks-wrap\">\n<h2 class=\"wp-block-heading has-text-align-center\" style=\"margin-top:0;margin-right:10rem;margin-bottom:0;margin-left:10rem;padding-top:0;padding-bottom:0\">\u00bfPor qu\u00e9 nuestras excursiones son las m\u00e1s pedidas?<\/h2>\n\n\n\n<div class=\"wp-block-uagb-container uagb-block-739d9d54 default uagb-is-root-container\">\n<div class=\"wp-block-uagb-info-box uagb-block-2020b5f2 uagb-infobox__content-wrap  uagb-infobox-icon-above-title uagb-infobox-image-valign-top\"><div class=\"uagb-ifb-content\"><div class=\"uagb-ifb-icon-wrap\"><div class=\"uagb-iconbox-icon-wrap uagb-infobox-shape-circle\"><svg xmlns=\"https:\/\/www.w3.org\/2000\/svg\" viewBox=\"0 0 384 512\"><path d=\"M336 0C362.5 0 384 21.49 384 48V464C384 490.5 362.5 512 336 512H240V432C240 405.5 218.5 384 192 384C165.5 384 144 405.5 144 432V512H48C21.49 512 0 490.5 0 464V48C0 21.49 21.49 0 48 0H336zM64 272C64 280.8 71.16 288 80 288H112C120.8 288 128 280.8 128 272V240C128 231.2 120.8 224 112 224H80C71.16 224 64 231.2 64 240V272zM176 224C167.2 224 160 231.2 160 240V272C160 280.8 167.2 288 176 288H208C216.8 288 224 280.8 224 272V240C224 231.2 216.8 224 208 224H176zM256 272C256 280.8 263.2 288 272 288H304C312.8 288 320 280.8 320 272V240C320 231.2 312.8 224 304 224H272C263.2 224 256 231.2 256 240V272zM80 96C71.16 96 64 103.2 64 112V144C64 152.8 71.16 160 80 160H112C120.8 160 128 152.8 128 144V112C128 103.2 120.8 96 112 96H80zM160 144C160 152.8 167.2 160 176 160H208C216.8 160 224 152.8 224 144V112C224 103.2 216.8 96 208 96H176C167.2 96 160 103.2 160 112V144zM272 96C263.2 96 256 103.2 256 112V144C256 152.8 263.2 160 272 160H304C312.8 160 320 152.8 320 144V112C320 103.2 312.8 96 304 96H272z\"><\/path><\/svg><\/div><\/div><div class=\"uagb-ifb-title-wrap\"><h5 class=\"uagb-ifb-title\">Desde la puerta de tu alojamiento<\/h5><\/div><p class=\"uagb-ifb-desc\">Si est\u00e1s alojado en Manhattan, te buscamos y regresamos al mismo lugar donde est\u00e1s, \u00a1no necesit\u00e1s moverte!<\/p><\/div><\/div>\n\n\n\n<div class=\"wp-block-uagb-info-box uagb-block-a1697cca uagb-infobox__content-wrap  uagb-infobox-icon-above-title uagb-infobox-image-valign-top\"><div class=\"uagb-ifb-content\"><div class=\"uagb-ifb-icon-wrap\"><div class=\"uagb-iconbox-icon-wrap uagb-infobox-shape-circle\"><svg xmlns=\"https:\/\/www.w3.org\/2000\/svg\" viewBox=\"0 0 448 512\"><path d=\"M221.6 148.7C224.7 161.3 224.8 174.5 222.1 187.2C219.3 199.1 213.6 211.9 205.6 222.1C191.1 238.6 173 249.1 151.1 254.1V472C151.1 482.6 147.8 492.8 140.3 500.3C132.8 507.8 122.6 512 111.1 512C101.4 512 91.22 507.8 83.71 500.3C76.21 492.8 71.1 482.6 71.1 472V254.1C50.96 250.1 31.96 238.9 18.3 222.4C10.19 212.2 4.529 200.3 1.755 187.5C-1.019 174.7-.8315 161.5 2.303 148.8L32.51 12.45C33.36 8.598 35.61 5.197 38.82 2.9C42.02 .602 45.97-.4297 49.89 .0026C53.82 .4302 57.46 2.303 60.1 5.259C62.74 8.214 64.18 12.04 64.16 16V160H81.53L98.62 11.91C99.02 8.635 100.6 5.621 103.1 3.434C105.5 1.248 108.7 .0401 111.1 .0401C115.3 .0401 118.5 1.248 120.9 3.434C123.4 5.621 124.1 8.635 125.4 11.91L142.5 160H159.1V16C159.1 12.07 161.4 8.268 163.1 5.317C166.6 2.366 170.2 .474 174.1 .0026C178-.4262 181.1 .619 185.2 2.936C188.4 5.253 190.6 8.677 191.5 12.55L221.6 148.7zM448 472C448 482.6 443.8 492.8 436.3 500.3C428.8 507.8 418.6 512 408 512C397.4 512 387.2 507.8 379.7 500.3C372.2 492.8 368 482.6 368 472V352H351.2C342.8 352 334.4 350.3 326.6 347.1C318.9 343.8 311.8 339.1 305.8 333.1C299.9 327.1 295.2 320 291.1 312.2C288.8 304.4 287.2 296 287.2 287.6L287.1 173.8C288 136.9 299.1 100.8 319.8 70.28C340.5 39.71 369.8 16.05 404.1 2.339C408.1 .401 414.2-.3202 419.4 .2391C424.6 .7982 429.6 2.62 433.9 5.546C438.2 8.472 441.8 12.41 444.2 17.03C446.7 21.64 447.1 26.78 448 32V472z\"><\/path><\/svg><\/div><\/div><div class=\"uagb-ifb-title-wrap\"><h5 class=\"uagb-ifb-title\">Bebidas y comidas inclu\u00eddas en el viaje<\/h5><\/div><p class=\"uagb-ifb-desc\">Durante el viaje dispones de snacks, caf\u00e9, t\u00e9, croissants, donas, galletas, sodas, agua, s\u00e1ndwiches, frutas, etc.<\/p><\/div><\/div>\n\n\n\n<div class=\"wp-block-uagb-info-box uagb-block-966c0eca uagb-infobox__content-wrap  uagb-infobox-icon-above-title uagb-infobox-image-valign-top\"><div class=\"uagb-ifb-content\"><div class=\"uagb-ifb-icon-wrap\"><div class=\"uagb-iconbox-icon-wrap uagb-infobox-shape-circle\"><svg xmlns=\"https:\/\/www.w3.org\/2000\/svg\" viewBox=\"0 0 576 512\"><path d=\"M576 136c0 22.09-17.91 40-40 40c-.248 0-.4551-.1266-.7031-.1305l-50.52 277.9C482 468.9 468.8 480 453.3 480H122.7c-15.46 0-28.72-11.06-31.48-26.27L40.71 175.9C40.46 175.9 40.25 176 39.1 176c-22.09 0-40-17.91-40-40S17.91 96 39.1 96s40 17.91 40 40c0 8.998-3.521 16.89-8.537 23.57l89.63 71.7c15.91 12.73 39.5 7.544 48.61-10.68l57.6-115.2C255.1 98.34 247.1 86.34 247.1 72C247.1 49.91 265.9 32 288 32s39.1 17.91 39.1 40c0 14.34-7.963 26.34-19.3 33.4l57.6 115.2c9.111 18.22 32.71 23.4 48.61 10.68l89.63-71.7C499.5 152.9 496 144.1 496 136C496 113.9 513.9 96 536 96S576 113.9 576 136z\"><\/path><\/svg><\/div><\/div><div class=\"uagb-ifb-title-wrap\"><h5 class=\"uagb-ifb-title\">Servicio personalizado<\/h5><\/div><p class=\"uagb-ifb-desc\">Excursiones personalizadas con pocas personas para una mejor experiencia y comodidad.<\/p><\/div><\/div>\n<\/div>\n<\/div><\/div>\n\n\n\n<div class=\"wp-block-uagb-container uagb-block-43cf3c1b alignfull uagb-is-root-container\"><div class=\"uagb-container__video-wrap\"><video autoplay loop muted playsinline><source src=\"http:\/\/edgartoursnyc.com\/wp-content\/uploads\/2025\/05\/copy_91B19719-6DDC-469B-84E3-D147263CAD60.mov\" type=\"video\/mp4\"\/><\/video><\/div><div class=\"uagb-container-inner-blocks-wrap\">\n<div class=\"wp-block-uagb-container uagb-block-982a911c\">\n<div class=\"wp-block-uagb-advanced-heading uagb-block-656bd795\"><h2 class=\"uagb-heading-text\">Excursiones<\/h2><\/div>\n\n\n<div class=\"woocommerce columns-4 \"><ul class=\"products columns-4\">\n<li class=\"desktop-align-left tablet-align-left mobile-align-left product type-product post-1881 status-publish first instock product_cat-mas-pedidos has-post-thumbnail sale featured shipping-taxable purchasable product-type-simple\">\n\t<\/li>\n<li class=\"desktop-align-left tablet-align-left mobile-align-left product type-product post-1942 status-publish instock product_cat-uncategorized has-post-thumbnail sale shipping-taxable purchasable product-type-simple\">\n\t<\/li>\n<li class=\"desktop-align-left tablet-align-left mobile-align-left product type-product post-1951 status-publish instock product_cat-uncategorized has-post-thumbnail shipping-taxable purchasable product-type-simple\">\n\t<\/li>\n<li class=\"desktop-align-left tablet-align-left mobile-align-left product type-product post-1959 status-publish last instock product_cat-uncategorized has-post-thumbnail shipping-taxable purchasable product-type-simple\">\n\t<\/li>\n<li class=\"desktop-align-left tablet-align-left mobile-align-left product type-product post-2055 status-publish first instock product_cat-uncategorized has-post-thumbnail sale shipping-taxable purchasable product-type-simple\">\n\t<\/li>\n<li class=\"desktop-align-left tablet-align-left mobile-align-left product type-product post-2057 status-publish instock product_cat-uncategorized has-post-thumbnail shipping-taxable purchasable product-type-simple\">\n\t<\/li>\n<li class=\"desktop-align-left tablet-align-left mobile-align-left product type-product post-2060 status-publish instock product_cat-uncategorized has-post-thumbnail shipping-taxable purchasable product-type-simple\">\n\t<\/li>\n<li class=\"desktop-align-left tablet-align-left mobile-align-left product type-product post-2062 status-publish last instock product_cat-uncategorized has-post-thumbnail shipping-taxable purchasable product-type-simple\">\n\t<\/li>\n<li class=\"desktop-align-left tablet-align-left mobile-align-left product type-product post-2063 status-publish first instock product_cat-uncategorized has-post-thumbnail shipping-taxable purchasable product-type-simple\">\n\t<\/li>\n<li class=\"desktop-align-left tablet-align-left mobile-align-left product type-product post-2073 status-publish instock product_cat-uncategorized has-post-thumbnail shipping-taxable purchasable product-type-simple\">\n\t<\/li>\n<li class=\"desktop-align-left tablet-align-left mobile-align-left product type-product post-2082 status-publish instock product_cat-uncategorized has-post-thumbnail shipping-taxable purchasable product-type-simple\">\n\t<\/li>\n<li class=\"desktop-align-left tablet-align-left mobile-align-left product type-product post-2084 status-publish last instock product_cat-uncategorized has-post-thumbnail shipping-taxable purchasable product-type-simple\">\n\t<\/li>\n<li class=\"desktop-align-left tablet-align-left mobile-align-left product type-product post-2086 status-publish first instock product_cat-uncategorized has-post-thumbnail shipping-taxable purchasable product-type-simple\">\n\t<\/li>\n<li class=\"desktop-align-left tablet-align-left mobile-align-left product type-product post-2090 status-publish instock product_cat-uncategorized has-post-thumbnail sale featured shipping-taxable purchasable product-type-simple\">\n\t<\/li>\n<li class=\"desktop-align-left tablet-align-left mobile-align-left product type-product post-2092 status-publish instock product_cat-uncategorized has-post-thumbnail shipping-taxable product-type-simple\">\n\t<\/li>\n<li class=\"desktop-align-left tablet-align-left mobile-align-left product type-product post-2094 status-publish last instock product_cat-uncategorized has-post-thumbnail shipping-taxable product-type-simple\">\n\t<\/li>\n<\/ul>\n<\/div>\n<\/div>\n<\/div><\/div>\n\n\n\n<div class=\"wp-block-uagb-container uagb-block-d5de09e6 alignfull uagb-is-root-container\"><div class=\"uagb-container-inner-blocks-wrap\">\n<div class=\"wp-block-uagb-container uagb-block-c71da895\">\n<div class=\"wp-block-uagb-info-box uagb-block-93c2505f uagb-infobox__content-wrap  uagb-infobox-icon-above-title uagb-infobox-image-valign-top\"><div class=\"uagb-ifb-content\"><div class=\"uagb-ifb-title-wrap\"><h2 class=\"uagb-ifb-title\">Descubre nuevas experiencias<\/h2><\/div><div class=\"uagb-ifb-button-wrapper wp-block-button\"><a href=\"index.php\/excursiones\/\" class=\"uagb-infobox-cta-link wp-block-button__link\" target=\"_self\" rel=\"noopener noreferrer\" onclick=\"return true;\" alt=\"\"><span class=\"uagb-inline-editing\">MIRA NUESTRAS EXCURSIONES<\/span><svg xmlns=\"https:\/\/www.w3.org\/2000\/svg\" viewBox=\"0 0 640 512\"><path d=\"M640 320V368C640 385.7 625.7 400 608 400H574.7C567.1 445.4 527.6 480 480 480C432.4 480 392.9 445.4 385.3 400H254.7C247.1 445.4 207.6 480 160 480C112.4 480 72.94 445.4 65.33 400H32C14.33 400 0 385.7 0 368V256C0 228.9 16.81 205.8 40.56 196.4L82.2 92.35C96.78 55.9 132.1 32 171.3 32H353.2C382.4 32 409.1 45.26 428.2 68.03L528.2 193C591.2 200.1 640 254.8 640 319.1V320zM171.3 96C158.2 96 146.5 103.1 141.6 116.1L111.3 192H224V96H171.3zM272 192H445.4L378.2 108C372.2 100.4 362.1 96 353.2 96H272V192zM525.3 400C527 394.1 528 389.6 528 384C528 357.5 506.5 336 480 336C453.5 336 432 357.5 432 384C432 389.6 432.1 394.1 434.7 400C441.3 418.6 459.1 432 480 432C500.9 432 518.7 418.6 525.3 400zM205.3 400C207 394.1 208 389.6 208 384C208 357.5 186.5 336 160 336C133.5 336 112 357.5 112 384C112 389.6 112.1 394.1 114.7 400C121.3 418.6 139.1 432 160 432C180.9 432 198.7 418.6 205.3 400z\"><\/path><\/svg><\/a><\/div><\/div><\/div>\n<\/div>\n<\/div><\/div>\n\n\n\n<div class=\"wp-block-uagb-container uagb-block-00fa36cc alignfull uagb-is-root-container\"><div class=\"uagb-container-inner-blocks-wrap\">\n<div class=\"wp-block-uagb-container uagb-block-13b3b2c9\">\n<div class=\"wp-block-uagb-advanced-heading uagb-block-cf245d96\"><h2 class=\"uagb-heading-text\">\u00bfQu\u00e9 opinan nuestros clientes?<\/h2><\/div>\n\n\n\n<div class=\"wp-block-uagb-container uagb-block-bfd0525e alignfull uagb-is-root-container\"><div class=\"uagb-container-inner-blocks-wrap\">\n<div class=\"wp-block-uagb-container uagb-block-9d46eb9f\">\n<div class=\"wp-block-uagb-star-rating uagb-block-cf1f9466\"><div class=\"uag-star-rating\" title=\"5\/5\"><span class=\"uag-star\">\u2605<\/span><span class=\"uag-star\">\u2605<\/span><span class=\"uag-star\">\u2605<\/span><span class=\"uag-star\">\u2605<\/span><span class=\"uag-star\">\u2605<\/span><\/div><\/div>\n\n\n\n<div class=\"wp-block-uagb-advanced-heading uagb-block-f37c203b\"><p class=\"uagb-heading-text\">Excelente gu\u00eda y gran persona. Muy atento con el turista y se adapta a las necesidades de los mismos. Lo vais a pasar genial!!&nbsp;<img decoding=\"async\" loading=\"lazy\" height=\"16\" width=\"16\" src=\"https:\/\/static.xx.fbcdn.net\/images\/emoji.php\/v9\/t51\/1\/16\/1f603.png\" alt=\"\ud83d\ude03\"><\/p><\/div>\n\n\n\n<div class=\"wp-block-uagb-info-box uagb-block-4c2ba5dd uagb-infobox__content-wrap  uagb-infobox-icon-above-title uagb-infobox-image-valign-top\"><div class=\"uagb-ifb-content\"><div class=\"uagb-ifb-image-content\"><img decoding=\"async\" src=\"http:\/\/edgartoursnyc.com\/wp-content\/uploads\/2023\/09\/361590604_10220701841250746_8320314962270861501_n-150x150.jpg\" alt=\"\" width=\"40\" height=\"40\" loading=\"lazy\"\/><\/div><div class=\"uagb-ifb-title-wrap\"><p class=\"uagb-ifb-title\">Jos\u00e9 Antonio Agudo S\u00e1nchez<\/p><\/div><\/div><\/div>\n<\/div>\n\n\n\n<div class=\"wp-block-uagb-container uagb-block-bbb2337a\">\n<div class=\"wp-block-uagb-star-rating uagb-block-48e5a8c9\"><div class=\"uag-star-rating\" title=\"5\/5\"><span class=\"uag-star\">\u2605<\/span><span class=\"uag-star\">\u2605<\/span><span class=\"uag-star\">\u2605<\/span><span class=\"uag-star\">\u2605<\/span><span class=\"uag-star\">\u2605<\/span><\/div><\/div>\n\n\n\n<p>Absolutamente recomendado!!               El mejor, eficiente y fant\u00e1stico gu\u00eda para hacer la excursi\u00f3n.                    Animaros con \u00c9l. No os arrepentir\u00e9is, seguro. <img decoding=\"async\" loading=\"lazy\" height=\"16\" width=\"16\" src=\"https:\/\/static.xx.fbcdn.net\/images\/emoji.php\/v9\/t20\/1\/16\/1f61c.png\" alt=\"\ud83d\ude1c\"><img decoding=\"async\" loading=\"lazy\" height=\"16\" width=\"16\" src=\"https:\/\/static.xx.fbcdn.net\/images\/emoji.php\/v9\/t20\/1\/16\/1f61c.png\" alt=\"\ud83d\ude1c\"><img decoding=\"async\" loading=\"lazy\" height=\"16\" width=\"16\" src=\"https:\/\/static.xx.fbcdn.net\/images\/emoji.php\/v9\/t20\/1\/16\/1f61c.png\" alt=\"\ud83d\ude1c\"><\/p>\n\n\n\n<div class=\"wp-block-uagb-info-box uagb-block-d05cd75d uagb-infobox__content-wrap  uagb-infobox-icon-above-title uagb-infobox-image-valign-top\"><div class=\"uagb-ifb-content\"><div class=\"uagb-ifb-image-content\"><img decoding=\"async\" src=\"http:\/\/edgartoursnyc.com\/wp-content\/uploads\/2023\/09\/337130022_758152822695110_4516696049001219986_n-150x150.jpg\" alt=\"\" width=\"40\" height=\"40\" loading=\"lazy\"\/><\/div><div class=\"uagb-ifb-title-wrap\"><p class=\"uagb-ifb-title\">Juan L\u00f3pez Almaz\u00e1n<\/p><\/div><\/div><\/div>\n<\/div>\n\n\n\n<div class=\"wp-block-uagb-container uagb-block-51d9c77b\">\n<div class=\"wp-block-uagb-star-rating uagb-block-6bb06537\"><div class=\"uag-star-rating\" title=\"5\/5\"><span class=\"uag-star\">\u2605<\/span><span class=\"uag-star\">\u2605<\/span><span class=\"uag-star\">\u2605<\/span><span class=\"uag-star\">\u2605<\/span><span class=\"uag-star\">\u2605<\/span><\/div><\/div>\n\n\n\n<div class=\"wp-block-uagb-advanced-heading uagb-block-c6a1e668\"><p class=\"uagb-heading-text\">Sin duda el mejor recuerdo de mi viaje a NY fue la mega excursi\u00f3n,&nbsp;Edgar Silva&nbsp;profesional como la copa de un pino y la compa\u00f1\u00eda genial &#8230;..<\/p><\/div>\n\n\n\n<div class=\"wp-block-uagb-info-box uagb-block-1c016635 uagb-infobox__content-wrap  uagb-infobox-icon-above-title uagb-infobox-image-valign-top\"><div class=\"uagb-ifb-content\"><div class=\"uagb-ifb-image-content\"><img decoding=\"async\" src=\"http:\/\/edgartoursnyc.com\/wp-content\/uploads\/2023\/09\/375210217_10230822467134705_2503325879967778134_n-150x150.jpg\" alt=\"\" width=\"40\" height=\"40\" loading=\"lazy\"\/><\/div><div class=\"uagb-ifb-title-wrap\"><p class=\"uagb-ifb-title\">Yolanda Noguera Sanchez<\/p><\/div><\/div><\/div>\n<\/div>\n<\/div><\/div>\n<\/div>\n<\/div><\/div>\n\n\n\n<div class=\"wp-block-uagb-container uagb-block-21146f57 alignfull uagb-is-root-container\"><div class=\"uagb-container-inner-blocks-wrap\">\n<div class=\"wp-block-uagb-container uagb-block-85e84404\">\n<div class=\"wp-block-uagb-advanced-heading uagb-block-6ce0c80a\"><h4 class=\"uagb-heading-text\">Seguinos @edgartoursnyc<\/h4><\/div>\n\n\n\n<div class=\"wp-block-uagb-container uagb-block-a9aaa481 alignfull uagb-is-root-container\"><div class=\"uagb-container-inner-blocks-wrap\">\n<div class=\"wp-block-uagb-container uagb-block-f03a0253\">\n<div class=\"wp-block-uagb-image aligncenter uagb-block-cffd15e0 wp-block-uagb-image--layout-default wp-block-uagb-image--effect-static wp-block-uagb-image--align-center\"><figure class=\"wp-block-uagb-image__figure\"><img decoding=\"async\" srcset=\"http:\/\/edgartoursnyc.com\/wp-content\/uploads\/2023\/09\/380871438_10160087926978759_6695590090543907506_n-1024x1024.jpg \" sizes=\"(max-width: 480px) 150px\" src=\"http:\/\/edgartoursnyc.com\/wp-content\/uploads\/2023\/09\/380871438_10160087926978759_6695590090543907506_n-1024x1024.jpg\" alt=\"\" class=\"uag-image-1923\" width=\"1024\" height=\"1024\" title=\"\" loading=\"lazy\"\/><\/figure><\/div>\n<\/div>\n\n\n\n<div class=\"wp-block-uagb-container uagb-block-1c65b7e1\">\n<div class=\"wp-block-uagb-image aligncenter uagb-block-c8dbb953 wp-block-uagb-image--layout-default wp-block-uagb-image--effect-static wp-block-uagb-image--align-center\"><figure class=\"wp-block-uagb-image__figure\"><img decoding=\"async\" srcset=\"http:\/\/edgartoursnyc.com\/wp-content\/uploads\/2023\/09\/380668451_10160087926953759_6507910057772013744_n-1024x1024.jpg \" sizes=\"(max-width: 480px) 150px\" src=\"http:\/\/edgartoursnyc.com\/wp-content\/uploads\/2023\/09\/380668451_10160087926953759_6507910057772013744_n-1024x1024.jpg\" alt=\"\" class=\"uag-image-1922\" width=\"1024\" height=\"1024\" title=\"\" loading=\"lazy\"\/><\/figure><\/div>\n<\/div>\n\n\n\n<div class=\"wp-block-uagb-container uagb-block-f15ae68e\">\n<div class=\"wp-block-uagb-image aligncenter uagb-block-9e01b644 wp-block-uagb-image--layout-default wp-block-uagb-image--effect-static wp-block-uagb-image--align-center\"><figure class=\"wp-block-uagb-image__figure\"><img decoding=\"async\" srcset=\"http:\/\/edgartoursnyc.com\/wp-content\/uploads\/2023\/09\/380152268_10160087926973759_3090698986304334367_n-1024x1024.jpg \" sizes=\"(max-width: 480px) 150px\" src=\"http:\/\/edgartoursnyc.com\/wp-content\/uploads\/2023\/09\/380152268_10160087926973759_3090698986304334367_n-1024x1024.jpg\" alt=\"\" class=\"uag-image-1921\" width=\"1024\" height=\"1024\" title=\"\" loading=\"lazy\"\/><\/figure><\/div>\n<\/div>\n\n\n\n<div class=\"wp-block-uagb-container uagb-block-fb44b9d9\">\n<div class=\"wp-block-uagb-image aligncenter uagb-block-027190bf wp-block-uagb-image--layout-default wp-block-uagb-image--effect-static wp-block-uagb-image--align-center\"><figure class=\"wp-block-uagb-image__figure\"><img decoding=\"async\" srcset=\"http:\/\/edgartoursnyc.com\/wp-content\/uploads\/2023\/09\/376774274_10160069880188759_3755464942570828516_n-1024x479.jpg \" sizes=\"(max-width: 480px) 150px\" src=\"http:\/\/edgartoursnyc.com\/wp-content\/uploads\/2023\/09\/376774274_10160069880188759_3755464942570828516_n-1024x479.jpg\" alt=\"\" class=\"uag-image-1919\" width=\"1024\" height=\"479\" title=\"\" loading=\"lazy\"\/><\/figure><\/div>\n<\/div>\n\n\n\n<div class=\"wp-block-uagb-container uagb-block-50320478\">\n<div class=\"wp-block-uagb-image aligncenter uagb-block-f4b5eaf7 wp-block-uagb-image--layout-default wp-block-uagb-image--effect-static wp-block-uagb-image--align-center\"><figure class=\"wp-block-uagb-image__figure\"><img decoding=\"async\" srcset=\"http:\/\/edgartoursnyc.com\/wp-content\/uploads\/2023\/09\/376826864_10160069880293759_3213154438512961129_n-1024x479.jpg \" sizes=\"(max-width: 480px) 150px\" src=\"http:\/\/edgartoursnyc.com\/wp-content\/uploads\/2023\/09\/376826864_10160069880293759_3213154438512961129_n-1024x479.jpg\" alt=\"\" class=\"uag-image-1920\" width=\"1024\" height=\"479\" title=\"\" loading=\"lazy\"\/><\/figure><\/div>\n<\/div>\n\n\n\n<div class=\"wp-block-uagb-container uagb-block-afc78bbe\">\n<div class=\"wp-block-uagb-image aligncenter uagb-block-78bea3f6 wp-block-uagb-image--layout-default wp-block-uagb-image--effect-static wp-block-uagb-image--align-center\"><figure class=\"wp-block-uagb-image__figure\"><img decoding=\"async\" srcset=\"http:\/\/edgartoursnyc.com\/wp-content\/uploads\/2023\/09\/373635056_10160052674343759_4186774808930687188_n-1024x479.jpg \" sizes=\"(max-width: 480px) 150px\" src=\"http:\/\/edgartoursnyc.com\/wp-content\/uploads\/2023\/09\/373635056_10160052674343759_4186774808930687188_n-1024x479.jpg\" alt=\"\" class=\"uag-image-1918\" width=\"1024\" height=\"479\" title=\"\" loading=\"lazy\"\/><\/figure><\/div>\n<\/div>\n<\/div><\/div>\n<\/div>\n<\/div><\/div>\n","protected":false},"excerpt":{"rendered":"<p>EDGAR SILVA TOURS NEW YORK TE AMA \u00bfPor qu\u00e9 nuestras excursiones son las m\u00e1s pedidas? Excursiones \u00bfQu\u00e9 opinan nuestros clientes? Excelente gu\u00eda y gran persona. Muy atento con el turista y se adapta a las necesidades de los mismos. Lo vais a pasar genial!!&nbsp; Absolutamente recomendado!! El mejor, eficiente y fant\u00e1stico gu\u00eda para hacer la &hellip;<\/p>\n<p class=\"read-more\"> <a class=\"\" href=\"https:\/\/edgartoursnyc.com\/\"> <span class=\"screen-reader-text\">New York TE AMA<\/span> Read More &raquo;<\/a><\/p>\n","protected":false},"author":1,"featured_media":0,"parent":0,"menu_order":0,"comment_status":"closed","ping_status":"closed","template":"","meta":{"om_disable_all_campaigns":false,"_uag_custom_page_level_css":"","_monsterinsights_skip_tracking":false,"_monsterinsights_sitenote_active":false,"_monsterinsights_sitenote_note":"","_monsterinsights_sitenote_category":0,"site-sidebar-layout":"no-sidebar","site-content-layout":"page-builder","ast-site-content-layout":"full-width-container","site-content-style":"unboxed","site-sidebar-style":"unboxed","ast-global-header-display":"","ast-banner-title-visibility":"","ast-main-header-display":"","ast-hfb-above-header-display":"","ast-hfb-below-header-display":"","ast-hfb-mobile-header-display":"","site-post-title":"disabled","ast-breadcrumbs-content":"disabled","ast-featured-img":"disabled","footer-sml-layout":"","theme-transparent-header-meta":"enabled","adv-header-id-meta":"","stick-header-meta":"","header-above-stick-meta":"","header-main-stick-meta":"","header-below-stick-meta":"","astra-migrate-meta-layouts":"set","footnotes":""},"aioseo_notices":[],"uagb_featured_image_src":{"full":false,"thumbnail":false,"medium":false,"medium_large":false,"large":false,"1536x1536":false,"2048x2048":false,"mailpoet_newsletter_max":false,"woocommerce_thumbnail":false,"woocommerce_single":false,"woocommerce_gallery_thumbnail":false},"uagb_author_info":{"display_name":"edgartoursnyc.com","author_link":"https:\/\/edgartoursnyc.com\/index.php\/author\/edgartoursnyc-com\/"},"uagb_comment_info":0,"uagb_excerpt":"EDGAR SILVA TOURS NEW YORK TE AMA \u00bfPor qu\u00e9 nuestras excursiones son las m\u00e1s pedidas? Excursiones \u00bfQu\u00e9 opinan nuestros clientes? Excelente gu\u00eda y gran persona. Muy atento con el turista y se adapta a las necesidades de los mismos. Lo vais a pasar genial!!&nbsp; Absolutamente recomendado!! El mejor, eficiente y fant\u00e1stico gu\u00eda para hacer la&hellip;","_links":{"self":[{"href":"https:\/\/edgartoursnyc.com\/index.php\/wp-json\/wp\/v2\/pages\/1113"}],"collection":[{"href":"https:\/\/edgartoursnyc.com\/index.php\/wp-json\/wp\/v2\/pages"}],"about":[{"href":"https:\/\/edgartoursnyc.com\/index.php\/wp-json\/wp\/v2\/types\/page"}],"author":[{"embeddable":true,"href":"https:\/\/edgartoursnyc.com\/index.php\/wp-json\/wp\/v2\/users\/1"}],"replies":[{"embeddable":true,"href":"https:\/\/edgartoursnyc.com\/index.php\/wp-json\/wp\/v2\/comments?post=1113"}],"version-history":[{"count":98,"href":"https:\/\/edgartoursnyc.com\/index.php\/wp-json\/wp\/v2\/pages\/1113\/revisions"}],"predecessor-version":[{"id":2088,"href":"https:\/\/edgartoursnyc.com\/index.php\/wp-json\/wp\/v2\/pages\/1113\/revisions\/2088"}],"wp:attachment":[{"href":"https:\/\/edgartoursnyc.com\/index.php\/wp-json\/wp\/v2\/media?parent=1113"}],"curies":[{"name":"wp","href":"https:\/\/api.w.org\/{rel}","templated":true}]}}